{"id":1529,"date":"2015-08-14T10:47:35","date_gmt":"2015-08-14T08:47:35","guid":{"rendered":"http:\/\/www.der-schippes.de\/?page_id=1529"},"modified":"2015-08-14T10:47:35","modified_gmt":"2015-08-14T08:47:35","slug":"impressum","status":"publish","type":"page","link":"https:\/\/www.der-schippes.de\/DerSchippes\/impressum\/","title":{"rendered":"Impressum"},"content":{"rendered":"<p><strong><span style=\"font-family: Verdana,Geneva; font-size: 14pt;\">Thomas Schipotinin<\/span><\/strong><\/p>\n<p><span style=\"font-family: Verdana,Geneva; font-size: 12pt;\"><strong>Postanschrift<\/strong><\/span><\/p>\n<p><span style=\"font-family: Verdana,Geneva; font-size: 12pt;\">Marktstra\u00dfe 3<\/span><br \/>\n<span style=\"font-family: Verdana,Geneva; font-size: 12pt;\">36466 Dermbach<\/span><\/p>\n<p><span style=\"font-family: Verdana,Geneva; font-size: 12pt;\">Email: schipo-t@gmx.de<\/span><\/p>\n<p><span style=\"font-family: Verdana,Geneva; font-size: 12pt;\">Inhaltlich Verantwortlicher gem\u00e4\u00df \u00a710 Absatz 3 MDStV: Thomas Schipotinin<\/span><\/p>\n<p style=\"text-align: justify;\"><span style=\"font-family: Verdana,Geneva; font-size: 12pt;\">Haftungshinweis: Trotz sorgf\u00e4ltig inhaltlicher Kontrolle \u00fcbernehme ich keine Haftung f\u00fcr die Inhalte externer Links. F\u00fcr den Inhalt der verlinkten Seiten sind ausschliesslich deren Betreiber verantwortlich.<\/span><\/p>\n","protected":false},"excerpt":{"rendered":"<p>Thomas Schipotinin Postanschrift Marktstra\u00dfe 3 36466 Dermbach Email: schipo-t@gmx.de Inhaltlich Verantwortlicher gem\u00e4\u00df \u00a710 Absatz 3 MDStV: Thomas Schipotinin Haftungshinweis: Trotz sorgf\u00e4ltig inhaltlicher Kontrolle \u00fcbernehme ich keine Haftung f\u00fcr die Inhalte externer Links. F\u00fcr den Inhalt der verlinkten Seiten sind ausschliesslich deren Betreiber verantwortlich.<\/p>\n","protected":false},"author":1,"featured_media":0,"parent":0,"menu_order":3,"comment_status":"open","ping_status":"open","template":"","meta":{"footnotes":""},"class_list":["post-1529","page","type-page","status-publish","hentry","no-post-thumbnail","post-grid-2-col","entry"],"jetpack_shortlink":"https:\/\/wp.me\/P3YH32-oF","jetpack_sharing_enabled":true,"jetpack_likes_enabled":false,"jetpack-related-posts":[{"id":9,"url":"https:\/\/www.der-schippes.de\/DerSchippes\/uber-mich\/","url_meta":{"origin":1529,"position":0},"title":"\u00dcber mich","author":"Thomas","date":"19. April 2013","format":false,"excerpt":"Servus Mein Name ist Thomas Schipotinin (aka Schippes) und ich bin eigentlich Dipl. Ing. f\u00fcr Maschinenbau. Ich wurde 1979 in Bergen \/ R\u00fcgen geboren und wohne jetzt aber mit meiner kleinen Familie in Dermbach in der sch\u00f6nen Rh\u00f6n. Zum k\u00fcnstlerischen Ausleben bin ich irgendwann zum Fotografieren gekommen. Nat\u00fcrlich habe ich\u2026","rel":"","context":"With 1 comment","block_context":{"text":"With 1 comment","link":"https:\/\/www.der-schippes.de\/DerSchippes\/uber-mich\/#comments"},"img":{"alt_text":"","src":"","width":0,"height":0},"classes":[]},{"id":2311,"url":"https:\/\/www.der-schippes.de\/DerSchippes\/","url_meta":{"origin":1529,"position":1},"title":"Startseite","author":"Thomas","date":"13. April 2017","format":false,"excerpt":"\u00a0","rel":"","context":"Similar post","block_context":{"text":"Similar post","link":""},"img":{"alt_text":"","src":"","width":0,"height":0},"classes":[]},{"id":2400,"url":"https:\/\/www.der-schippes.de\/DerSchippes\/blog\/","url_meta":{"origin":1529,"position":2},"title":"Blog","author":"Thomas","date":"13. April 2017","format":false,"excerpt":"","rel":"","context":"Similar post","block_context":{"text":"Similar post","link":""},"img":{"alt_text":"","src":"","width":0,"height":0},"classes":[]},{"id":2746,"url":"https:\/\/www.der-schippes.de\/DerSchippes\/datenschutzvereinbarungen\/","url_meta":{"origin":1529,"position":3},"title":"Datenschutz","author":"Thomas","date":"30. Januar 2019","format":false,"excerpt":"","rel":"","context":"Similar post","block_context":{"text":"Similar post","link":""},"img":{"alt_text":"","src":"","width":0,"height":0},"classes":[]},{"id":2973,"url":"https:\/\/www.der-schippes.de\/DerSchippes\/datenauszug\/","url_meta":{"origin":1529,"position":4},"title":"Datenauszug","author":"Thomas","date":"4. Dezember 2019","format":false,"excerpt":"","rel":"","context":"Similar post","block_context":{"text":"Similar post","link":""},"img":{"alt_text":"","src":"","width":0,"height":0},"classes":[]},{"id":2974,"url":"https:\/\/www.der-schippes.de\/DerSchippes\/lschanfrage\/","url_meta":{"origin":1529,"position":5},"title":"L&ouml;schanfrage","author":"Thomas","date":"4. Dezember 2019","format":false,"excerpt":"","rel":"","context":"Similar post","block_context":{"text":"Similar post","link":""},"img":{"alt_text":"","src":"","width":0,"height":0},"classes":[]}],"_links":{"self":[{"href":"https:\/\/www.der-schippes.de\/DerSchippes\/wp-json\/wp\/v2\/pages\/1529","targetHints":{"allow":["GET"]}}],"collection":[{"href":"https:\/\/www.der-schippes.de\/DerSchippes\/wp-json\/wp\/v2\/pages"}],"about":[{"href":"https:\/\/www.der-schippes.de\/DerSchippes\/wp-json\/wp\/v2\/types\/page"}],"author":[{"embeddable":true,"href":"https:\/\/www.der-schippes.de\/DerSchippes\/wp-json\/wp\/v2\/users\/1"}],"replies":[{"embeddable":true,"href":"https:\/\/www.der-schippes.de\/DerSchippes\/wp-json\/wp\/v2\/comments?post=1529"}],"version-history":[{"count":1,"href":"https:\/\/www.der-schippes.de\/DerSchippes\/wp-json\/wp\/v2\/pages\/1529\/revisions"}],"predecessor-version":[{"id":1530,"href":"https:\/\/www.der-schippes.de\/DerSchippes\/wp-json\/wp\/v2\/pages\/1529\/revisions\/1530"}],"wp:attachment":[{"href":"https:\/\/www.der-schippes.de\/DerSchippes\/wp-json\/wp\/v2\/media?parent=1529"}],"curies":[{"name":"wp","href":"https:\/\/api.w.org\/{rel}","templated":true}]}}