{"id":2311,"date":"2017-04-13T11:28:11","date_gmt":"2017-04-13T09:28:11","guid":{"rendered":"http:\/\/www.der-schippes.de\/?page_id=2311"},"modified":"2018-05-28T09:19:37","modified_gmt":"2018-05-28T07:19:37","slug":"startseite","status":"publish","type":"page","link":"https:\/\/www.der-schippes.de\/DerSchippes\/","title":{"rendered":"Startseite"},"content":{"rendered":"<div id=\"pl-2311\"  class=\"panel-layout\" ><div id=\"pg-2311-0\"  class=\"panel-grid panel-no-style\" ><div id=\"pgc-2311-0-0\"  class=\"panel-grid-cell\" ><div id=\"panel-2311-0-0-0\" class=\"so-panel widget widget_sow-editor panel-first-child panel-last-child\" data-index=\"0\" ><div class=\"panel-widget-style panel-widget-style-for-2311-0-0-0\" ><div\n\t\t\t\n\t\t\tclass=\"so-widget-sow-editor so-widget-sow-editor-base\"\n\t\t\t\n\t\t>\n<div class=\"siteorigin-widget-tinymce textwidget\">\n\t<div><\/div>\n<p>&nbsp;<\/p>\n<\/div>\n<\/div><\/div><\/div><\/div><\/div><\/div>","protected":false},"excerpt":{"rendered":"<p>&nbsp;<\/p>\n","protected":false},"author":1,"featured_media":0,"parent":0,"menu_order":0,"comment_status":"closed","ping_status":"closed","template":"","meta":{"jetpack_post_was_ever_published":false,"footnotes":""},"class_list":["post-2311","page","type-page","status-publish","hentry","no-post-thumbnail","post-grid-2-col","entry"],"jetpack_shortlink":"https:\/\/wp.me\/P3YH32-Bh","jetpack_sharing_enabled":false,"jetpack_likes_enabled":false,"jetpack-related-posts":[{"id":1529,"url":"https:\/\/www.der-schippes.de\/DerSchippes\/impressum\/","url_meta":{"origin":2311,"position":0},"title":"Impressum","author":"Thomas","date":"14. August 2015","format":false,"excerpt":"Thomas Schipotinin Postanschrift Marktstra\u00dfe 3 36466 Dermbach Email: schipo-t@gmx.de Inhaltlich Verantwortlicher gem\u00e4\u00df \u00a710 Absatz 3 MDStV: Thomas Schipotinin Haftungshinweis: Trotz sorgf\u00e4ltig inhaltlicher Kontrolle \u00fcbernehme ich keine Haftung f\u00fcr die Inhalte externer Links. F\u00fcr den Inhalt der verlinkten Seiten sind ausschliesslich deren Betreiber verantwortlich.","rel":"","context":"Similar post","block_context":{"text":"Similar post","link":""},"img":{"alt_text":"","src":"","width":0,"height":0},"classes":[]}],"_links":{"self":[{"href":"https:\/\/www.der-schippes.de\/DerSchippes\/wp-json\/wp\/v2\/pages\/2311","targetHints":{"allow":["GET"]}}],"collection":[{"href":"https:\/\/www.der-schippes.de\/DerSchippes\/wp-json\/wp\/v2\/pages"}],"about":[{"href":"https:\/\/www.der-schippes.de\/DerSchippes\/wp-json\/wp\/v2\/types\/page"}],"author":[{"embeddable":true,"href":"https:\/\/www.der-schippes.de\/DerSchippes\/wp-json\/wp\/v2\/users\/1"}],"replies":[{"embeddable":true,"href":"https:\/\/www.der-schippes.de\/DerSchippes\/wp-json\/wp\/v2\/comments?post=2311"}],"version-history":[{"count":19,"href":"https:\/\/www.der-schippes.de\/DerSchippes\/wp-json\/wp\/v2\/pages\/2311\/revisions"}],"predecessor-version":[{"id":2654,"href":"https:\/\/www.der-schippes.de\/DerSchippes\/wp-json\/wp\/v2\/pages\/2311\/revisions\/2654"}],"wp:attachment":[{"href":"https:\/\/www.der-schippes.de\/DerSchippes\/wp-json\/wp\/v2\/media?parent=2311"}],"curies":[{"name":"wp","href":"https:\/\/api.w.org\/{rel}","templated":true}]}}