{"id":9,"date":"2013-04-19T22:37:23","date_gmt":"2013-04-19T20:37:23","guid":{"rendered":"http:\/\/www.der-schippes.de\/?page_id=9"},"modified":"2017-04-16T20:15:08","modified_gmt":"2017-04-16T18:15:08","slug":"uber-mich","status":"publish","type":"page","link":"https:\/\/www.der-schippes.de\/DerSchippes\/uber-mich\/","title":{"rendered":"\u00dcber mich"},"content":{"rendered":"<div id=\"pl-9\"  class=\"panel-layout\" ><div id=\"pg-9-0\"  class=\"panel-grid panel-has-style\" ><div class=\"panel-row-style panel-row-style-for-9-0\" ><div id=\"pgc-9-0-0\"  class=\"panel-grid-cell\" ><div id=\"panel-9-0-0-0\" class=\"so-panel widget widget_sow-headline panel-first-child\" data-index=\"0\" ><div\n\t\t\t\n\t\t\tclass=\"so-widget-sow-headline so-widget-sow-headline-default-8a97160e6d1f-9\"\n\t\t\t\n\t\t><div class=\"sow-headline-container \">\n\t\t\t\t\t\t\t<h5 class=\"sow-headline\">\n\t\t\t\t\t\t\u00dcber mich\t\t\t\t\t\t<\/h5>\n\t\t\t\t\t\t<\/div>\n<\/div><\/div><div id=\"panel-9-0-0-1\" class=\"so-panel widget widget_sow-image panel-last-child\" data-index=\"1\" ><div class=\"panel-widget-style panel-widget-style-for-9-0-0-1\" ><div\n\t\t\t\n\t\t\tclass=\"so-widget-sow-image so-widget-sow-image-default-3a2476c0e107-9\"\n\t\t\t\n\t\t>\n<div class=\"sow-image-container\">\n\t\t<img \n\tsrc=\"https:\/\/i0.wp.com\/www.der-schippes.de\/wp-content\/uploads\/2017\/04\/dsc_8462.jpg?fit=768%2C768&amp;ssl=1\" width=\"768\" height=\"768\" srcset=\"https:\/\/i0.wp.com\/www.der-schippes.de\/wp-content\/uploads\/2017\/04\/dsc_8462.jpg?w=4016&amp;ssl=1 4016w, https:\/\/i0.wp.com\/www.der-schippes.de\/wp-content\/uploads\/2017\/04\/dsc_8462.jpg?resize=150%2C150&amp;ssl=1 150w, https:\/\/i0.wp.com\/www.der-schippes.de\/wp-content\/uploads\/2017\/04\/dsc_8462.jpg?resize=300%2C300&amp;ssl=1 300w, https:\/\/i0.wp.com\/www.der-schippes.de\/wp-content\/uploads\/2017\/04\/dsc_8462.jpg?resize=768%2C768&amp;ssl=1 768w, https:\/\/i0.wp.com\/www.der-schippes.de\/wp-content\/uploads\/2017\/04\/dsc_8462.jpg?resize=1280%2C1280&amp;ssl=1 1280w, https:\/\/i0.wp.com\/www.der-schippes.de\/wp-content\/uploads\/2017\/04\/dsc_8462.jpg?resize=830%2C830&amp;ssl=1 830w, https:\/\/i0.wp.com\/www.der-schippes.de\/wp-content\/uploads\/2017\/04\/dsc_8462.jpg?resize=230%2C230&amp;ssl=1 230w, https:\/\/i0.wp.com\/www.der-schippes.de\/wp-content\/uploads\/2017\/04\/dsc_8462.jpg?resize=350%2C350&amp;ssl=1 350w, https:\/\/i0.wp.com\/www.der-schippes.de\/wp-content\/uploads\/2017\/04\/dsc_8462.jpg?resize=480%2C480&amp;ssl=1 480w, https:\/\/i0.wp.com\/www.der-schippes.de\/wp-content\/uploads\/2017\/04\/dsc_8462.jpg?resize=50%2C50&amp;ssl=1 50w, https:\/\/i0.wp.com\/www.der-schippes.de\/wp-content\/uploads\/2017\/04\/dsc_8462.jpg?w=2560 2560w, https:\/\/i0.wp.com\/www.der-schippes.de\/wp-content\/uploads\/2017\/04\/dsc_8462.jpg?w=3840 3840w\" alt=\"\" \t\tclass=\"so-widget-image\"\/>\n\t<\/div>\n\n<\/div><\/div><\/div><\/div><\/div><\/div><div id=\"pg-9-1\"  class=\"panel-grid panel-has-style\" ><div class=\"panel-row-style panel-row-style-for-9-1\" ><div id=\"pgc-9-1-0\"  class=\"panel-grid-cell\" ><div id=\"panel-9-1-0-0\" class=\"so-panel widget widget_sow-headline panel-first-child panel-last-child\" data-index=\"2\" ><div\n\t\t\t\n\t\t\tclass=\"so-widget-sow-headline so-widget-sow-headline-default-45d51d99c7c0-9\"\n\t\t\t\n\t\t><div class=\"sow-headline-container \">\n\t\t\t\t\t\t<div class=\"decoration\">\n\t\t\t\t\t\t<div class=\"decoration-inside\"><\/div>\n\t\t\t\t\t<\/div>\n\t\t\t\t\t<\/div>\n<\/div><\/div><\/div><\/div><\/div><div id=\"pg-9-2\"  class=\"panel-grid panel-has-style\" ><div class=\"panel-row-style panel-row-style-for-9-2\" ><div id=\"pgc-9-2-0\"  class=\"panel-grid-cell\" ><div id=\"panel-9-2-0-0\" class=\"so-panel widget widget_sow-editor panel-first-child panel-last-child\" data-index=\"3\" ><div class=\"panel-widget-style panel-widget-style-for-9-2-0-0\" ><div\n\t\t\t\n\t\t\tclass=\"so-widget-sow-editor so-widget-sow-editor-base\"\n\t\t\t\n\t\t>\n<div class=\"siteorigin-widget-tinymce textwidget\">\n\t<h5><span style=\"font-size: 12pt;\"><strong>Servus<\/strong><\/span><\/h5>\n<h5><span style=\"font-size: 12pt;\">Mein Name ist Thomas Schipotinin (aka Schippes) und ich bin eigentlich Dipl. Ing. f\u00fcr Maschinenbau. Ich wurde 1979 in Bergen \/ R\u00fcgen geboren und wohne jetzt aber mit meiner kleinen Familie in <a href=\"http:\/\/www.dermbach.info\/\">Dermbach <\/a>in der sch\u00f6nen <a href=\"http:\/\/www.rhoen.de\/\">Rh\u00f6n<\/a>.<\/span><\/h5>\n<h5><span style=\"font-size: 12pt;\">Zum<\/span><span style=\"font-size: 12pt;\"> k\u00fcnstl<\/span><span style=\"font-size: 12pt;\">erischen<\/span><span style=\"font-size: 12pt;\"> Ausleben bin ich irgendwann zum Fotografieren gekommen. Nat\u00fcrlich habe ich das auch schon vorher gemacht aber wahrscheinlich nicht mehr und nicht weniger als jeder andere auch ... Urlaub und so weiter. Ich z\u00e4hle das mal ab der Zeit wo ich mich intensiver damit besch\u00e4ftigt habe.<\/span><\/h5>\n<h5><span style=\"font-size: 12pt;\">Mittlerweile betreibe ich das Ganze Nebenberuflich. Meine Schwerpunkte liegen im Bereich der Peoplefotografie. Das hei\u00dft <a href=\"http:\/\/www.der-schippes.de\/?p=1461\">Portraits<\/a>, <a href=\"http:\/\/www.der-schippes.de\/?p=1336\">P\u00e4rchenshooting<\/a>, <a href=\"http:\/\/www.der-schippes.de\/?p=733\">Business<\/a>, <a href=\"http:\/\/www.der-schippes.de\/?p=1336\">Hochzeitsfotos<\/a> \/ <a href=\"http:\/\/www.der-schippes.de\/?p=1043\">Hochzeitreportagen<\/a> und <a href=\"http:\/\/www.der-schippes.de\/?p=86\">Kinder<\/a> sind nat\u00fcrlich vor der Kamera sehr sehr Dankbar. Ich mag es unwahrscheinlich eine Situation - einen Moment einzufangen und den\/die Menschen sehr nat\u00fcrlich darzustellen. Ein kleines Studio ist in 2015 auch entstanden.<\/span><\/h5>\n<h5><span style=\"font-size: 12pt;\"><strong>Noch Fragen?<\/strong><\/span><\/h5>\n<h5><span style=\"font-size: 12pt;\">Ja nun wisst ihr schon ein klein wenig von mir und wie ihr seht bin ich zu allen Schandtaten bereit und sehr experimentierfreudig. Wenn Ihr noch mehr von mir wissen m\u00f6chtet oder mich evtl. f\u00fcr einen \"Shooting\" buchen m\u00f6chtet, habt ihr hier den link zu meinem <a href=\"http:\/\/www.der-schippes.de\/?page_id=613\">Kontaktformular<\/a>.<\/span><\/h5>\n<\/div>\n<\/div><\/div><\/div><\/div><\/div><\/div><\/div>","protected":false},"excerpt":{"rendered":"<p>\u00dcber mich Servus Mein Name ist Thomas Schipotinin (aka Schippes) und ich bin eigentlich Dipl. Ing. f\u00fcr Maschinenbau. Ich wurde 1979 in Bergen \/ R\u00fcgen geboren und wohne jetzt aber mit meiner kleinen Familie in Dermbach in der sch\u00f6nen Rh\u00f6n. Zum k\u00fcnstlerischen Ausleben bin ich irgendwann zum Fotografieren gekommen. Nat\u00fcrlich habe ich das auch schon&hellip;<\/p>\n","protected":false},"author":1,"featured_media":0,"parent":0,"menu_order":0,"comment_status":"open","ping_status":"open","template":"","meta":{"jetpack_post_was_ever_published":false,"footnotes":""},"class_list":["post-9","page","type-page","status-publish","hentry","no-post-thumbnail","post-grid-2-col","entry"],"jetpack_shortlink":"https:\/\/wp.me\/P3YH32-9","jetpack_sharing_enabled":true,"jetpack_likes_enabled":false,"jetpack-related-posts":[{"id":613,"url":"https:\/\/www.der-schippes.de\/DerSchippes\/kontakt-2\/","url_meta":{"origin":9,"position":0},"title":"Kontakt","author":"Thomas","date":"15. Dezember 2013","format":false,"excerpt":"\u2026 \u2013 Formular braucht man nicht. Schreibt mir einfach ein paar Zeilen zu eurem Anliegen, am Besten schon mit gew\u00fcnschtem Datum. Dann bekommt ihr in k\u00fcrze alle wichtigen Information von mir gesandt. schipo-t@gmx.de \u00a0 oder ruft mich einfach an unter \u2026 0173.3772819 \u00a0 Viele Gr\u00fc\u00dfe Der Schippes \u00a0","rel":"","context":"Similar post","block_context":{"text":"Similar post","link":""},"img":{"alt_text":"","src":"","width":0,"height":0},"classes":[]}],"_links":{"self":[{"href":"https:\/\/www.der-schippes.de\/DerSchippes\/wp-json\/wp\/v2\/pages\/9","targetHints":{"allow":["GET"]}}],"collection":[{"href":"https:\/\/www.der-schippes.de\/DerSchippes\/wp-json\/wp\/v2\/pages"}],"about":[{"href":"https:\/\/www.der-schippes.de\/DerSchippes\/wp-json\/wp\/v2\/types\/page"}],"author":[{"embeddable":true,"href":"https:\/\/www.der-schippes.de\/DerSchippes\/wp-json\/wp\/v2\/users\/1"}],"replies":[{"embeddable":true,"href":"https:\/\/www.der-schippes.de\/DerSchippes\/wp-json\/wp\/v2\/comments?post=9"}],"version-history":[{"count":34,"href":"https:\/\/www.der-schippes.de\/DerSchippes\/wp-json\/wp\/v2\/pages\/9\/revisions"}],"predecessor-version":[{"id":2423,"href":"https:\/\/www.der-schippes.de\/DerSchippes\/wp-json\/wp\/v2\/pages\/9\/revisions\/2423"}],"wp:attachment":[{"href":"https:\/\/www.der-schippes.de\/DerSchippes\/wp-json\/wp\/v2\/media?parent=9"}],"curies":[{"name":"wp","href":"https:\/\/api.w.org\/{rel}","templated":true}]}}